{"id":2610,"date":"2020-05-29T14:50:14","date_gmt":"2020-05-29T18:50:14","guid":{"rendered":"https:\/\/blaumat.com\/?post_type=product&#038;p=2610"},"modified":"2020-05-30T10:04:31","modified_gmt":"2020-05-30T14:04:31","slug":"dispensador-de-gel-hidroalcoholico","status":"publish","type":"product","link":"https:\/\/blaumat.com\/?product=dispensador-de-gel-hidroalcoholico","title":{"rendered":"DISPENSADOR DE GEL HIDROALCOH\u00d3LICO"},"content":{"rendered":"<div><\/div>\n<h5><\/h5>\n<h5><span style=\"color: #000000;\"><strong>Fabricado en metal y pintado de blanco. Con sistema antirrobo de la botella de hidrogel. Fijaci\u00f3n regulable para todo tipo de botellas de hidrogel, desde 250 ml hasta 1000ml. Con posibilidad de poner comunicaci\u00f3n (impresi\u00f3n no incluida). Entregado en caja de cart\u00f3n.<\/strong><\/span><\/h5>\n<h5><\/h5>\n<h5><span style=\"color: #000000;\"><strong>Tama\u00f1o: 30x30x129cm<\/strong><\/span><\/h5>\n<h5><\/h5>\n<h5><span style=\"color: #000000;\"><strong>(GEL HIDROALCOH\u00d3LICO NO INCLUIDO)<\/strong><\/span><\/h5>\n","protected":false},"excerpt":{"rendered":"<p><span style=\"color: #ffffff;\">DISPENSADOR DE GEL DE PIE<\/span><\/p>\n<p>&nbsp;<\/p>\n<p><span style=\"color: #ffffff;\">Completa tu tienda con este elegante pie fabricado en acero y pintado con pintura anti corrosi\u00f3n, ideal para que tus clientes tengan siempre al entrar en tu establecimiento gel de la manera m\u00e1s r\u00e1pida y c\u00f3moda.<\/span><\/p>\n<p>&nbsp;<\/p>\n<p><span style=\"color: #ffffff;\">Fabricado en metal y pintado de blanco.\u00a0Con sistema antirrobo de la botella de hidrogel.\u00a0Fijaci\u00f3n regulable para todo tipo de botellas de hidrogel, desde 250 ml hasta 1000ml.\u00a0Con posibilidad de poner comunicaci\u00f3n (impresi\u00f3n no incluida).\u00a0Entregado en caja de cart\u00f3n.<\/span><\/p>\n<p>&nbsp;<\/p>\n<p><span style=\"color: #ffffff;\">*unidades limitadas<\/span><\/p>\n","protected":false},"featured_media":2611,"comment_status":"open","ping_status":"closed","template":"","meta":{"jetpack_post_was_ever_published":false,"jetpack_publicize_message":"","jetpack_publicize_feature_enabled":true,"jetpack_social_post_already_shared":true,"jetpack_social_options":{"image_generator_settings":{"template":"highway","enabled":false},"version":2}},"jetpack_publicize_connections":[],"jetpack_sharing_enabled":false,"jetpack-related-posts":[],"_links":{"self":[{"href":"https:\/\/blaumat.com\/index.php?rest_route=\/wp\/v2\/product\/2610"}],"collection":[{"href":"https:\/\/blaumat.com\/index.php?rest_route=\/wp\/v2\/product"}],"about":[{"href":"https:\/\/blaumat.com\/index.php?rest_route=\/wp\/v2\/types\/product"}],"replies":[{"embeddable":true,"href":"https:\/\/blaumat.com\/index.php?rest_route=%2Fwp%2Fv2%2Fcomments&post=2610"}],"wp:featuredmedia":[{"embeddable":true,"href":"https:\/\/blaumat.com\/index.php?rest_route=\/wp\/v2\/media\/2611"}],"wp:attachment":[{"href":"https:\/\/blaumat.com\/index.php?rest_route=%2Fwp%2Fv2%2Fmedia&parent=2610"}],"curies":[{"name":"wp","href":"https:\/\/api.w.org\/{rel}","templated":true}]}}