{"id":2669,"date":"2020-06-06T04:38:41","date_gmt":"2020-06-06T08:38:41","guid":{"rendered":"https:\/\/blaumat.com\/?page_id=2669"},"modified":"2021-10-29T01:53:56","modified_gmt":"2021-10-29T05:53:56","slug":"sobre-nosotros","status":"publish","type":"page","link":"https:\/\/blaumat.com\/?page_id=2669","title":{"rendered":"Sobre Nosotros"},"content":{"rendered":"\n<p>Sobre Nosotros&#8230;<\/p>\n\n\n\n<p>Blaumat es una empresa de r\u00f3tulos, rotulaci\u00f3n, toldos, vinilos, reclamos publicitarios y todo tipo de productos de se\u00f1alizaci\u00f3n, textiles y de seguridad, ubicada en Tarragona ciudad en Av. Vidal i Barraquer n\u00ba 22 Local B 43005, en esta ubicaci\u00f3n desde hace 2 a\u00f1os pero trabajando desde hace m\u00e1s de 25 a\u00f1os en toda la provincia con resultados contrastados, realizamos desde el dise\u00f1o gr\u00e1fico hasta el acabado de cualquier trabajo asesorando la mejor opci\u00f3n para nuestros clientes, para contactar con nosotros lo puede hacer desde el n\u00famero 877 060 933 o al correo electr\u00f3nico infoblaumat@gmail.com.<\/p>\n\n\n\n<div style=\"height:100px\" aria-hidden=\"true\" class=\"wp-block-spacer\"><\/div>\n\n\n\n<div class=\"wp-block-image\"><figure class=\"aligncenter size-large\"><img loading=\"lazy\" decoding=\"async\" width=\"1136\" height=\"852\" src=\"https:\/\/i0.wp.com\/blaumat.com\/wp-content\/uploads\/IMG_5893.jpg?fit=600%2C450&amp;ssl=1\" alt=\"\" class=\"wp-image-2672\" srcset=\"https:\/\/i0.wp.com\/blaumat.com\/wp-content\/uploads\/IMG_5893.jpg?w=1136&amp;ssl=1 1136w, https:\/\/i0.wp.com\/blaumat.com\/wp-content\/uploads\/IMG_5893.jpg?resize=300%2C225&amp;ssl=1 300w, https:\/\/i0.wp.com\/blaumat.com\/wp-content\/uploads\/IMG_5893.jpg?resize=1024%2C768&amp;ssl=1 1024w, https:\/\/i0.wp.com\/blaumat.com\/wp-content\/uploads\/IMG_5893.jpg?resize=768%2C576&amp;ssl=1 768w, https:\/\/i0.wp.com\/blaumat.com\/wp-content\/uploads\/IMG_5893.jpg?resize=600%2C450&amp;ssl=1 600w\" sizes=\"(max-width: 600px) 100vw, 600px\" \/><\/figure><\/div>\n","protected":false},"excerpt":{"rendered":"<p>Sobre Nosotros&#8230; Blaumat es una empresa de r\u00f3tulos, rotulaci\u00f3n, toldos, vinilos, reclamos publicitarios y todo tipo de productos de se\u00f1alizaci\u00f3n, textiles y de seguridad, ubicada en Tarragona ciudad en Av. Vidal i Barraquer n\u00ba 22 Local B 43005, en esta ubicaci\u00f3n desde hace 2 a\u00f1os pero trabajando desde hace m\u00e1s de 25 a\u00f1os en toda [&hellip;]<\/p>\n","protected":false},"author":1,"featured_media":2671,"parent":0,"menu_order":0,"comment_status":"closed","ping_status":"closed","template":"","meta":{"jetpack_post_was_ever_published":false,"footnotes":""},"jetpack_sharing_enabled":true,"jetpack_shortlink":"https:\/\/wp.me\/PacTbF-H3","jetpack-related-posts":[],"_links":{"self":[{"href":"https:\/\/blaumat.com\/index.php?rest_route=\/wp\/v2\/pages\/2669"}],"collection":[{"href":"https:\/\/blaumat.com\/index.php?rest_route=\/wp\/v2\/pages"}],"about":[{"href":"https:\/\/blaumat.com\/index.php?rest_route=\/wp\/v2\/types\/page"}],"author":[{"embeddable":true,"href":"https:\/\/blaumat.com\/index.php?rest_route=\/wp\/v2\/users\/1"}],"replies":[{"embeddable":true,"href":"https:\/\/blaumat.com\/index.php?rest_route=%2Fwp%2Fv2%2Fcomments&post=2669"}],"version-history":[{"count":4,"href":"https:\/\/blaumat.com\/index.php?rest_route=\/wp\/v2\/pages\/2669\/revisions"}],"predecessor-version":[{"id":2889,"href":"https:\/\/blaumat.com\/index.php?rest_route=\/wp\/v2\/pages\/2669\/revisions\/2889"}],"wp:featuredmedia":[{"embeddable":true,"href":"https:\/\/blaumat.com\/index.php?rest_route=\/wp\/v2\/media\/2671"}],"wp:attachment":[{"href":"https:\/\/blaumat.com\/index.php?rest_route=%2Fwp%2Fv2%2Fmedia&parent=2669"}],"curies":[{"name":"wp","href":"https:\/\/api.w.org\/{rel}","templated":true}]}}