{"id":2664,"date":"2020-06-06T04:23:17","date_gmt":"2020-06-06T08:23:17","guid":{"rendered":"https:\/\/blaumat.com\/?page_id=2664"},"modified":"2020-06-07T06:13:23","modified_gmt":"2020-06-07T10:13:23","slug":"politicas-de-cancelaciones","status":"publish","type":"page","link":"https:\/\/blaumat.com\/?page_id=2664","title":{"rendered":"Pol\u00edticas de Cancelaciones"},"content":{"rendered":"\n<h2 class=\"wp-block-heading\">Pol\u00edticas de cancelaciones<\/h2>\n\n\n\n<ul><li>Blaumat no se responsabiliza de los retrasos en pedidos por causas ajenas a la empresa derivadas de la pandemia COVID-19.<\/li><li>Las referencias del cat\u00e1logo relacionado con el COVID-19 son un producto temporal por lo que no se admiten devoluciones injustificadas.<\/li><li>\u00bfQu\u00e9 hago si mi producto llega roto o en malas condiciones?. Si tu producto llega en malas condiciones, se intentar\u00e1 cambiar por otro con las mismas caracter\u00edsticas siempre y cuando se perciba en la recepci\u00f3n de dicho paquete.<\/li><li>Tenemos un plazo de 2 d\u00edas para realizar la reclamaci\u00f3n a la agencia de transporte, por lo que recomendamos que mires tu producto en cuanto te llegue.<\/li><li>Si no me gusta el producto \u00bfme devolv\u00e9is el dinero?. Solo devolveremos el dinero en el caso en que el producto no sea el adquirido en la web. En los casos en que el cliente se haya equivocado en la toma de medidas o se arrepienta de haber adquirido el producto, no devolveremos el dinero. De todas formas, si tienes alg\u00fan problema no dudes en ponerte en contacto con nosotros.<\/li><li>Al recibir la mercanc\u00eda el destinatario deber\u00e1 comprobar que el embalaje se encuentra en perfectas condiciones. En caso de que la caja tenga alg\u00fan golpe, especificarlo en la firma del albar\u00e1n del transportista. (Esta acci\u00f3n es obligatoria y necesaria para tramitar cualquier tipo de rotura).<\/li><li>Blaumat no se responsabiliza de retrasos debidos a las agencias de transporte. No realizamos devoluciones de mercanc\u00eda a causa de retrasos de las agencias de transporte.<\/li><li>Los plazos de entrega se seleccionan en la ficha web de producto y son orientativos. Blaumat no se hace responsable por los da\u00f1os que pueda ocasionar el retraso en la entrega de la mercanc\u00eda.<\/li><li>Debido a que algunos de estos productos son temporales por la crisis del coronavirus no se admiten devoluciones.<\/li><li>Blaumat como empresa distribuidora no se responsabiliza en el supuesto de que hubiera una falta de stock en el momento de realizar el pedido, por consiguiente si no dispusi\u00e9ramos del producto seleccionado un vez realizado el pedido, proceder\u00edamos a la inmediata devoluci\u00f3n de la totalidad del importe abonado por el cliente.<\/li><\/ul>\n\n\n\n<p><\/p>\n","protected":false},"excerpt":{"rendered":"<p>Pol\u00edticas de cancelaciones Blaumat no se responsabiliza de los retrasos en pedidos por causas ajenas a la empresa derivadas de la pandemia COVID-19. Las referencias del cat\u00e1logo relacionado con el COVID-19 son un producto temporal por lo que no se admiten devoluciones injustificadas. \u00bfQu\u00e9 hago si mi producto llega roto o en malas condiciones?. Si [&hellip;]<\/p>\n","protected":false},"author":1,"featured_media":2665,"parent":0,"menu_order":0,"comment_status":"closed","ping_status":"closed","template":"","meta":{"jetpack_post_was_ever_published":false,"footnotes":""},"jetpack_sharing_enabled":true,"jetpack_shortlink":"https:\/\/wp.me\/PacTbF-GY","jetpack-related-posts":[],"_links":{"self":[{"href":"https:\/\/blaumat.com\/index.php?rest_route=\/wp\/v2\/pages\/2664"}],"collection":[{"href":"https:\/\/blaumat.com\/index.php?rest_route=\/wp\/v2\/pages"}],"about":[{"href":"https:\/\/blaumat.com\/index.php?rest_route=\/wp\/v2\/types\/page"}],"author":[{"embeddable":true,"href":"https:\/\/blaumat.com\/index.php?rest_route=\/wp\/v2\/users\/1"}],"replies":[{"embeddable":true,"href":"https:\/\/blaumat.com\/index.php?rest_route=%2Fwp%2Fv2%2Fcomments&post=2664"}],"version-history":[{"count":2,"href":"https:\/\/blaumat.com\/index.php?rest_route=\/wp\/v2\/pages\/2664\/revisions"}],"predecessor-version":[{"id":2692,"href":"https:\/\/blaumat.com\/index.php?rest_route=\/wp\/v2\/pages\/2664\/revisions\/2692"}],"wp:featuredmedia":[{"embeddable":true,"href":"https:\/\/blaumat.com\/index.php?rest_route=\/wp\/v2\/media\/2665"}],"wp:attachment":[{"href":"https:\/\/blaumat.com\/index.php?rest_route=%2Fwp%2Fv2%2Fmedia&parent=2664"}],"curies":[{"name":"wp","href":"https:\/\/api.w.org\/{rel}","templated":true}]}}