{"id":2580,"date":"2020-05-29T09:31:36","date_gmt":"2020-05-29T13:31:36","guid":{"rendered":"https:\/\/blaumat.com\/?page_id=2580"},"modified":"2020-05-30T10:09:06","modified_gmt":"2020-05-30T14:09:06","slug":"productes-covid-19","status":"publish","type":"page","link":"https:\/\/blaumat.com\/?page_id=2580","title":{"rendered":"PRODUCTES COVID-19"},"content":{"rendered":"\n<p><\/p>\n\n\n\n<p><\/p>\n\n\n\n<p><\/p>\n\n\n\n<p><\/p>\n\n\n\n<p><br>En aquesta p\u00e0gina Trobar\u00e0s tots els productes relacionats amb el Covid-19 de qu\u00e8 disposem. Podr\u00e0s Trobar mampares protectores com tamb\u00e9 dispensadors de gel.<\/p>\n\n\n\n<div style=\"height:100px\" aria-hidden=\"true\" class=\"wp-block-spacer\"><\/div>\n\n\n\n<div style=\"height:100px\" aria-hidden=\"true\" class=\"wp-block-spacer\"><\/div>\n\n\n\n<figure class=\"wp-block-image size-large\"><a href=\"https:\/\/blaumat.com\/?page_id=2617&amp;preview_id=2617&amp;preview_nonce=b08e0a6480&amp;preview=true&amp;_thumbnail_id=2631?add-to-cart=2617\"><img loading=\"lazy\" decoding=\"async\" width=\"1772\" height=\"2363\" src=\"https:\/\/i2.wp.com\/blaumat.com\/wp-content\/uploads\/IMG_1581.jpg?fit=600%2C800&amp;ssl=1\" alt=\"PRODUCTES COVID\" class=\"wp-image-2581\" srcset=\"https:\/\/i0.wp.com\/blaumat.com\/wp-content\/uploads\/IMG_1581.jpg?w=1772&amp;ssl=1 1772w, https:\/\/i0.wp.com\/blaumat.com\/wp-content\/uploads\/IMG_1581.jpg?resize=225%2C300&amp;ssl=1 225w, https:\/\/i0.wp.com\/blaumat.com\/wp-content\/uploads\/IMG_1581.jpg?resize=768%2C1024&amp;ssl=1 768w, https:\/\/i0.wp.com\/blaumat.com\/wp-content\/uploads\/IMG_1581.jpg?resize=1152%2C1536&amp;ssl=1 1152w, https:\/\/i0.wp.com\/blaumat.com\/wp-content\/uploads\/IMG_1581.jpg?resize=1536%2C2048&amp;ssl=1 1536w\" sizes=\"(max-width: 600px) 100vw, 600px\" \/><\/a><\/figure>\n\n\n\n<figure class=\"wp-block-gallery columns-3 is-cropped wp-block-gallery-1 is-layout-flex wp-block-gallery-is-layout-flex\"><ul class=\"blocks-gallery-grid\"><li class=\"blocks-gallery-item\"><figure><a href=\"https:\/\/i2.wp.com\/blaumat.com\/wp-content\/uploads\/IMG_1107-scaled.jpg?fit=1920%2C2560&amp;ssl=1\"><img loading=\"lazy\" decoding=\"async\" width=\"600\" height=\"800\" src=\"https:\/\/i0.wp.com\/blaumat.com\/wp-content\/uploads\/IMG_1107-scaled.jpg?resize=600%2C800&#038;ssl=1\" alt=\"\" data-id=\"2582\" data-full-url=\"https:\/\/i2.wp.com\/blaumat.com\/wp-content\/uploads\/IMG_1107-scaled.jpg?fit=1920%2C2560&amp;ssl=1\" data-link=\"https:\/\/blaumat.com\/?attachment_id=2582\" class=\"wp-image-2582\" srcset=\"https:\/\/i0.wp.com\/blaumat.com\/wp-content\/uploads\/IMG_1107-scaled.jpg?w=1920&amp;ssl=1 1920w, https:\/\/i0.wp.com\/blaumat.com\/wp-content\/uploads\/IMG_1107-scaled.jpg?resize=225%2C300&amp;ssl=1 225w, https:\/\/i0.wp.com\/blaumat.com\/wp-content\/uploads\/IMG_1107-scaled.jpg?resize=1152%2C1536&amp;ssl=1 1152w, https:\/\/i0.wp.com\/blaumat.com\/wp-content\/uploads\/IMG_1107-scaled.jpg?resize=1536%2C2048&amp;ssl=1 1536w, https:\/\/i0.wp.com\/blaumat.com\/wp-content\/uploads\/IMG_1107-scaled.jpg?w=1800&amp;ssl=1 1800w\" sizes=\"(max-width: 600px) 100vw, 600px\" data-recalc-dims=\"1\" \/><\/a><\/figure><\/li><li class=\"blocks-gallery-item\"><figure><a href=\"https:\/\/i2.wp.com\/blaumat.com\/wp-content\/uploads\/IMG_1136-scaled.jpg?fit=2560%2C1920&amp;ssl=1\"><img loading=\"lazy\" decoding=\"async\" width=\"600\" height=\"450\" src=\"https:\/\/i0.wp.com\/blaumat.com\/wp-content\/uploads\/IMG_1136-scaled.jpg?resize=600%2C450&#038;ssl=1\" alt=\"\" data-id=\"2583\" data-full-url=\"https:\/\/i2.wp.com\/blaumat.com\/wp-content\/uploads\/IMG_1136-scaled.jpg?fit=2560%2C1920&amp;ssl=1\" data-link=\"https:\/\/blaumat.com\/?attachment_id=2583\" class=\"wp-image-2583\" srcset=\"https:\/\/i0.wp.com\/blaumat.com\/wp-content\/uploads\/IMG_1136-scaled.jpg?w=2560&amp;ssl=1 2560w, https:\/\/i0.wp.com\/blaumat.com\/wp-content\/uploads\/IMG_1136-scaled.jpg?resize=300%2C225&amp;ssl=1 300w, https:\/\/i0.wp.com\/blaumat.com\/wp-content\/uploads\/IMG_1136-scaled.jpg?resize=768%2C576&amp;ssl=1 768w, https:\/\/i0.wp.com\/blaumat.com\/wp-content\/uploads\/IMG_1136-scaled.jpg?resize=1536%2C1152&amp;ssl=1 1536w, https:\/\/i0.wp.com\/blaumat.com\/wp-content\/uploads\/IMG_1136-scaled.jpg?resize=2048%2C1536&amp;ssl=1 2048w, https:\/\/i0.wp.com\/blaumat.com\/wp-content\/uploads\/IMG_1136-scaled.jpg?w=1200&amp;ssl=1 1200w, https:\/\/i0.wp.com\/blaumat.com\/wp-content\/uploads\/IMG_1136-scaled.jpg?w=1800&amp;ssl=1 1800w\" sizes=\"(max-width: 600px) 100vw, 600px\" data-recalc-dims=\"1\" \/><\/a><\/figure><\/li><li class=\"blocks-gallery-item\"><figure><a href=\"https:\/\/i1.wp.com\/blaumat.com\/wp-content\/uploads\/IMG_1139-scaled.jpg?fit=1920%2C2560&amp;ssl=1\"><img loading=\"lazy\" decoding=\"async\" width=\"600\" height=\"800\" src=\"https:\/\/i0.wp.com\/blaumat.com\/wp-content\/uploads\/IMG_1139-scaled.jpg?resize=600%2C800&#038;ssl=1\" alt=\"\" data-id=\"2584\" data-full-url=\"https:\/\/i1.wp.com\/blaumat.com\/wp-content\/uploads\/IMG_1139-scaled.jpg?fit=1920%2C2560&amp;ssl=1\" data-link=\"https:\/\/blaumat.com\/?attachment_id=2584\" class=\"wp-image-2584\" srcset=\"https:\/\/i0.wp.com\/blaumat.com\/wp-content\/uploads\/IMG_1139-scaled.jpg?w=1920&amp;ssl=1 1920w, https:\/\/i0.wp.com\/blaumat.com\/wp-content\/uploads\/IMG_1139-scaled.jpg?resize=225%2C300&amp;ssl=1 225w, https:\/\/i0.wp.com\/blaumat.com\/wp-content\/uploads\/IMG_1139-scaled.jpg?resize=1152%2C1536&amp;ssl=1 1152w, https:\/\/i0.wp.com\/blaumat.com\/wp-content\/uploads\/IMG_1139-scaled.jpg?resize=1536%2C2048&amp;ssl=1 1536w, https:\/\/i0.wp.com\/blaumat.com\/wp-content\/uploads\/IMG_1139-scaled.jpg?w=1800&amp;ssl=1 1800w\" sizes=\"(max-width: 600px) 100vw, 600px\" data-recalc-dims=\"1\" \/><\/a><\/figure><\/li><li class=\"blocks-gallery-item\"><figure><a href=\"https:\/\/i2.wp.com\/blaumat.com\/wp-content\/uploads\/IMG_1203-scaled.jpg?fit=1920%2C2560&amp;ssl=1\"><img loading=\"lazy\" decoding=\"async\" width=\"600\" height=\"800\" src=\"https:\/\/i0.wp.com\/blaumat.com\/wp-content\/uploads\/IMG_1203-scaled.jpg?resize=600%2C800&#038;ssl=1\" alt=\"\" data-id=\"2585\" data-full-url=\"https:\/\/i2.wp.com\/blaumat.com\/wp-content\/uploads\/IMG_1203-scaled.jpg?fit=1920%2C2560&amp;ssl=1\" data-link=\"https:\/\/blaumat.com\/?attachment_id=2585\" class=\"wp-image-2585\" srcset=\"https:\/\/i0.wp.com\/blaumat.com\/wp-content\/uploads\/IMG_1203-scaled.jpg?w=1920&amp;ssl=1 1920w, https:\/\/i0.wp.com\/blaumat.com\/wp-content\/uploads\/IMG_1203-scaled.jpg?resize=225%2C300&amp;ssl=1 225w, https:\/\/i0.wp.com\/blaumat.com\/wp-content\/uploads\/IMG_1203-scaled.jpg?resize=1152%2C1536&amp;ssl=1 1152w, https:\/\/i0.wp.com\/blaumat.com\/wp-content\/uploads\/IMG_1203-scaled.jpg?resize=1536%2C2048&amp;ssl=1 1536w, https:\/\/i0.wp.com\/blaumat.com\/wp-content\/uploads\/IMG_1203-scaled.jpg?w=1800&amp;ssl=1 1800w\" sizes=\"(max-width: 600px) 100vw, 600px\" data-recalc-dims=\"1\" \/><\/a><\/figure><\/li><li class=\"blocks-gallery-item\"><figure><a href=\"https:\/\/i1.wp.com\/blaumat.com\/wp-content\/uploads\/IMG_1334-scaled.jpg?fit=2560%2C1920&amp;ssl=1\"><img loading=\"lazy\" decoding=\"async\" width=\"600\" height=\"450\" src=\"https:\/\/i0.wp.com\/blaumat.com\/wp-content\/uploads\/IMG_1334-scaled.jpg?resize=600%2C450&#038;ssl=1\" alt=\"\" data-id=\"2586\" data-full-url=\"https:\/\/i1.wp.com\/blaumat.com\/wp-content\/uploads\/IMG_1334-scaled.jpg?fit=2560%2C1920&amp;ssl=1\" data-link=\"https:\/\/blaumat.com\/?attachment_id=2586\" class=\"wp-image-2586\" srcset=\"https:\/\/i0.wp.com\/blaumat.com\/wp-content\/uploads\/IMG_1334-scaled.jpg?w=2560&amp;ssl=1 2560w, https:\/\/i0.wp.com\/blaumat.com\/wp-content\/uploads\/IMG_1334-scaled.jpg?resize=300%2C225&amp;ssl=1 300w, https:\/\/i0.wp.com\/blaumat.com\/wp-content\/uploads\/IMG_1334-scaled.jpg?resize=768%2C576&amp;ssl=1 768w, https:\/\/i0.wp.com\/blaumat.com\/wp-content\/uploads\/IMG_1334-scaled.jpg?resize=1536%2C1152&amp;ssl=1 1536w, https:\/\/i0.wp.com\/blaumat.com\/wp-content\/uploads\/IMG_1334-scaled.jpg?resize=2048%2C1536&amp;ssl=1 2048w, https:\/\/i0.wp.com\/blaumat.com\/wp-content\/uploads\/IMG_1334-scaled.jpg?w=1200&amp;ssl=1 1200w, https:\/\/i0.wp.com\/blaumat.com\/wp-content\/uploads\/IMG_1334-scaled.jpg?w=1800&amp;ssl=1 1800w\" sizes=\"(max-width: 600px) 100vw, 600px\" data-recalc-dims=\"1\" \/><\/a><\/figure><\/li><li class=\"blocks-gallery-item\"><figure><a href=\"https:\/\/i1.wp.com\/blaumat.com\/wp-content\/uploads\/49834c77-a6bb-4822-a918-7812f5668ede.jpg?fit=1600%2C1200&amp;ssl=1\"><img loading=\"lazy\" decoding=\"async\" width=\"1600\" height=\"1200\" src=\"https:\/\/i1.wp.com\/blaumat.com\/wp-content\/uploads\/49834c77-a6bb-4822-a918-7812f5668ede.jpg?fit=600%2C450&amp;ssl=1\" alt=\"\" data-id=\"2587\" data-full-url=\"https:\/\/i1.wp.com\/blaumat.com\/wp-content\/uploads\/49834c77-a6bb-4822-a918-7812f5668ede.jpg?fit=1600%2C1200&amp;ssl=1\" data-link=\"https:\/\/blaumat.com\/?attachment_id=2587\" class=\"wp-image-2587\" srcset=\"https:\/\/i0.wp.com\/blaumat.com\/wp-content\/uploads\/49834c77-a6bb-4822-a918-7812f5668ede.jpg?w=1600&amp;ssl=1 1600w, https:\/\/i0.wp.com\/blaumat.com\/wp-content\/uploads\/49834c77-a6bb-4822-a918-7812f5668ede.jpg?resize=300%2C225&amp;ssl=1 300w, https:\/\/i0.wp.com\/blaumat.com\/wp-content\/uploads\/49834c77-a6bb-4822-a918-7812f5668ede.jpg?resize=1024%2C768&amp;ssl=1 1024w, https:\/\/i0.wp.com\/blaumat.com\/wp-content\/uploads\/49834c77-a6bb-4822-a918-7812f5668ede.jpg?resize=768%2C576&amp;ssl=1 768w, https:\/\/i0.wp.com\/blaumat.com\/wp-content\/uploads\/49834c77-a6bb-4822-a918-7812f5668ede.jpg?resize=1536%2C1152&amp;ssl=1 1536w, https:\/\/i0.wp.com\/blaumat.com\/wp-content\/uploads\/49834c77-a6bb-4822-a918-7812f5668ede.jpg?w=1200&amp;ssl=1 1200w\" sizes=\"(max-width: 600px) 100vw, 600px\" \/><\/a><\/figure><\/li><li class=\"blocks-gallery-item\"><figure><a href=\"https:\/\/i2.wp.com\/blaumat.com\/wp-content\/uploads\/e5e2360f-7728-4ad7-a99d-c7fdc1d24835.jpg?fit=1600%2C1200&amp;ssl=1\"><img loading=\"lazy\" decoding=\"async\" width=\"1600\" height=\"1200\" src=\"https:\/\/i2.wp.com\/blaumat.com\/wp-content\/uploads\/e5e2360f-7728-4ad7-a99d-c7fdc1d24835.jpg?fit=600%2C450&amp;ssl=1\" alt=\"\" data-id=\"2588\" data-full-url=\"https:\/\/i2.wp.com\/blaumat.com\/wp-content\/uploads\/e5e2360f-7728-4ad7-a99d-c7fdc1d24835.jpg?fit=1600%2C1200&amp;ssl=1\" data-link=\"https:\/\/blaumat.com\/?attachment_id=2588\" class=\"wp-image-2588\" srcset=\"https:\/\/i0.wp.com\/blaumat.com\/wp-content\/uploads\/e5e2360f-7728-4ad7-a99d-c7fdc1d24835.jpg?w=1600&amp;ssl=1 1600w, https:\/\/i0.wp.com\/blaumat.com\/wp-content\/uploads\/e5e2360f-7728-4ad7-a99d-c7fdc1d24835.jpg?resize=300%2C225&amp;ssl=1 300w, https:\/\/i0.wp.com\/blaumat.com\/wp-content\/uploads\/e5e2360f-7728-4ad7-a99d-c7fdc1d24835.jpg?resize=1024%2C768&amp;ssl=1 1024w, https:\/\/i0.wp.com\/blaumat.com\/wp-content\/uploads\/e5e2360f-7728-4ad7-a99d-c7fdc1d24835.jpg?resize=768%2C576&amp;ssl=1 768w, https:\/\/i0.wp.com\/blaumat.com\/wp-content\/uploads\/e5e2360f-7728-4ad7-a99d-c7fdc1d24835.jpg?resize=1536%2C1152&amp;ssl=1 1536w, https:\/\/i0.wp.com\/blaumat.com\/wp-content\/uploads\/e5e2360f-7728-4ad7-a99d-c7fdc1d24835.jpg?w=1200&amp;ssl=1 1200w\" sizes=\"(max-width: 600px) 100vw, 600px\" \/><\/a><\/figure><\/li><li class=\"blocks-gallery-item\"><figure><a href=\"https:\/\/i0.wp.com\/blaumat.com\/wp-content\/uploads\/IMG_1377-scaled.jpg?fit=2560%2C1920&amp;ssl=1\"><img loading=\"lazy\" decoding=\"async\" width=\"600\" height=\"450\" src=\"https:\/\/i0.wp.com\/blaumat.com\/wp-content\/uploads\/IMG_1377-scaled.jpg?resize=600%2C450&#038;ssl=1\" alt=\"\" data-id=\"2589\" data-full-url=\"https:\/\/i0.wp.com\/blaumat.com\/wp-content\/uploads\/IMG_1377-scaled.jpg?fit=2560%2C1920&amp;ssl=1\" data-link=\"https:\/\/blaumat.com\/?attachment_id=2589\" class=\"wp-image-2589\" srcset=\"https:\/\/i0.wp.com\/blaumat.com\/wp-content\/uploads\/IMG_1377-scaled.jpg?w=2560&amp;ssl=1 2560w, https:\/\/i0.wp.com\/blaumat.com\/wp-content\/uploads\/IMG_1377-scaled.jpg?resize=300%2C225&amp;ssl=1 300w, https:\/\/i0.wp.com\/blaumat.com\/wp-content\/uploads\/IMG_1377-scaled.jpg?resize=768%2C576&amp;ssl=1 768w, https:\/\/i0.wp.com\/blaumat.com\/wp-content\/uploads\/IMG_1377-scaled.jpg?resize=1536%2C1152&amp;ssl=1 1536w, https:\/\/i0.wp.com\/blaumat.com\/wp-content\/uploads\/IMG_1377-scaled.jpg?resize=2048%2C1536&amp;ssl=1 2048w, https:\/\/i0.wp.com\/blaumat.com\/wp-content\/uploads\/IMG_1377-scaled.jpg?w=1200&amp;ssl=1 1200w, https:\/\/i0.wp.com\/blaumat.com\/wp-content\/uploads\/IMG_1377-scaled.jpg?w=1800&amp;ssl=1 1800w\" sizes=\"(max-width: 600px) 100vw, 600px\" data-recalc-dims=\"1\" \/><\/a><\/figure><\/li><li class=\"blocks-gallery-item\"><figure><a href=\"https:\/\/i0.wp.com\/blaumat.com\/wp-content\/uploads\/IMG_1570.jpg?fit=960%2C1280&amp;ssl=1\"><img loading=\"lazy\" decoding=\"async\" width=\"960\" height=\"1280\" src=\"https:\/\/i0.wp.com\/blaumat.com\/wp-content\/uploads\/IMG_1570.jpg?fit=600%2C800&amp;ssl=1\" alt=\"\" data-id=\"2590\" data-full-url=\"https:\/\/i0.wp.com\/blaumat.com\/wp-content\/uploads\/IMG_1570.jpg?fit=960%2C1280&amp;ssl=1\" data-link=\"https:\/\/blaumat.com\/?attachment_id=2590\" class=\"wp-image-2590\" srcset=\"https:\/\/i0.wp.com\/blaumat.com\/wp-content\/uploads\/IMG_1570.jpg?w=960&amp;ssl=1 960w, https:\/\/i0.wp.com\/blaumat.com\/wp-content\/uploads\/IMG_1570.jpg?resize=225%2C300&amp;ssl=1 225w, https:\/\/i0.wp.com\/blaumat.com\/wp-content\/uploads\/IMG_1570.jpg?resize=768%2C1024&amp;ssl=1 768w\" sizes=\"(max-width: 600px) 100vw, 600px\" \/><\/a><\/figure><\/li><li class=\"blocks-gallery-item\"><figure><a href=\"https:\/\/i2.wp.com\/blaumat.com\/wp-content\/uploads\/IMG_1581-1.jpg?fit=1772%2C2363&amp;ssl=1\"><img loading=\"lazy\" decoding=\"async\" width=\"1772\" height=\"2363\" src=\"https:\/\/i2.wp.com\/blaumat.com\/wp-content\/uploads\/IMG_1581-1.jpg?fit=600%2C800&amp;ssl=1\" alt=\"\" data-id=\"2591\" data-full-url=\"https:\/\/i2.wp.com\/blaumat.com\/wp-content\/uploads\/IMG_1581-1.jpg?fit=1772%2C2363&amp;ssl=1\" data-link=\"https:\/\/blaumat.com\/?attachment_id=2591\" class=\"wp-image-2591\" srcset=\"https:\/\/i0.wp.com\/blaumat.com\/wp-content\/uploads\/IMG_1581-1.jpg?w=1772&amp;ssl=1 1772w, https:\/\/i0.wp.com\/blaumat.com\/wp-content\/uploads\/IMG_1581-1.jpg?resize=225%2C300&amp;ssl=1 225w, https:\/\/i0.wp.com\/blaumat.com\/wp-content\/uploads\/IMG_1581-1.jpg?resize=768%2C1024&amp;ssl=1 768w, https:\/\/i0.wp.com\/blaumat.com\/wp-content\/uploads\/IMG_1581-1.jpg?resize=1152%2C1536&amp;ssl=1 1152w, https:\/\/i0.wp.com\/blaumat.com\/wp-content\/uploads\/IMG_1581-1.jpg?resize=1536%2C2048&amp;ssl=1 1536w\" sizes=\"(max-width: 600px) 100vw, 600px\" \/><\/a><\/figure><\/li><li class=\"blocks-gallery-item\"><figure><a href=\"https:\/\/i0.wp.com\/blaumat.com\/wp-content\/uploads\/IMG_1582.jpg?fit=1772%2C2363&amp;ssl=1\"><img loading=\"lazy\" decoding=\"async\" width=\"1772\" height=\"2363\" src=\"https:\/\/i0.wp.com\/blaumat.com\/wp-content\/uploads\/IMG_1582.jpg?fit=600%2C800&amp;ssl=1\" alt=\"\" data-id=\"2592\" data-full-url=\"https:\/\/i0.wp.com\/blaumat.com\/wp-content\/uploads\/IMG_1582.jpg?fit=1772%2C2363&amp;ssl=1\" data-link=\"https:\/\/blaumat.com\/?attachment_id=2592\" class=\"wp-image-2592\" srcset=\"https:\/\/i0.wp.com\/blaumat.com\/wp-content\/uploads\/IMG_1582.jpg?w=1772&amp;ssl=1 1772w, https:\/\/i0.wp.com\/blaumat.com\/wp-content\/uploads\/IMG_1582.jpg?resize=225%2C300&amp;ssl=1 225w, https:\/\/i0.wp.com\/blaumat.com\/wp-content\/uploads\/IMG_1582.jpg?resize=768%2C1024&amp;ssl=1 768w, https:\/\/i0.wp.com\/blaumat.com\/wp-content\/uploads\/IMG_1582.jpg?resize=1152%2C1536&amp;ssl=1 1152w, https:\/\/i0.wp.com\/blaumat.com\/wp-content\/uploads\/IMG_1582.jpg?resize=1536%2C2048&amp;ssl=1 1536w\" sizes=\"(max-width: 600px) 100vw, 600px\" \/><\/a><\/figure><\/li><li class=\"blocks-gallery-item\"><figure><a href=\"https:\/\/i0.wp.com\/blaumat.com\/wp-content\/uploads\/IMG_1583.jpg?fit=1772%2C2363&amp;ssl=1\"><img loading=\"lazy\" decoding=\"async\" width=\"1772\" height=\"2363\" src=\"https:\/\/i0.wp.com\/blaumat.com\/wp-content\/uploads\/IMG_1583.jpg?fit=600%2C800&amp;ssl=1\" alt=\"\" data-id=\"2593\" data-full-url=\"https:\/\/i0.wp.com\/blaumat.com\/wp-content\/uploads\/IMG_1583.jpg?fit=1772%2C2363&amp;ssl=1\" data-link=\"https:\/\/blaumat.com\/?attachment_id=2593\" class=\"wp-image-2593\" srcset=\"https:\/\/i0.wp.com\/blaumat.com\/wp-content\/uploads\/IMG_1583.jpg?w=1772&amp;ssl=1 1772w, https:\/\/i0.wp.com\/blaumat.com\/wp-content\/uploads\/IMG_1583.jpg?resize=225%2C300&amp;ssl=1 225w, https:\/\/i0.wp.com\/blaumat.com\/wp-content\/uploads\/IMG_1583.jpg?resize=768%2C1024&amp;ssl=1 768w, https:\/\/i0.wp.com\/blaumat.com\/wp-content\/uploads\/IMG_1583.jpg?resize=1152%2C1536&amp;ssl=1 1152w, https:\/\/i0.wp.com\/blaumat.com\/wp-content\/uploads\/IMG_1583.jpg?resize=1536%2C2048&amp;ssl=1 1536w\" sizes=\"(max-width: 600px) 100vw, 600px\" \/><\/a><\/figure><\/li><\/ul><\/figure>\n\n\n\n<p>Tamb\u00e9 disposem de vinils de terra personalitzats, tots els vinils de terra porten una protecci\u00f3 anti lliscant i resistent als productes de neteja.<\/p>\n\n\n\n<figure class=\"wp-block-image size-large\"><img loading=\"lazy\" decoding=\"async\" width=\"600\" height=\"466\" src=\"https:\/\/i0.wp.com\/blaumat.com\/wp-content\/uploads\/de765037-9e83-4c5f-a39e-4ed71efecca1.jpg?resize=600%2C466&#038;ssl=1\" alt=\"Vinils de terra\" class=\"wp-image-2596\" srcset=\"https:\/\/i0.wp.com\/blaumat.com\/wp-content\/uploads\/de765037-9e83-4c5f-a39e-4ed71efecca1.jpg?resize=1024%2C796&amp;ssl=1 1024w, https:\/\/i0.wp.com\/blaumat.com\/wp-content\/uploads\/de765037-9e83-4c5f-a39e-4ed71efecca1.jpg?resize=300%2C233&amp;ssl=1 300w, https:\/\/i0.wp.com\/blaumat.com\/wp-content\/uploads\/de765037-9e83-4c5f-a39e-4ed71efecca1.jpg?resize=768%2C597&amp;ssl=1 768w, https:\/\/i0.wp.com\/blaumat.com\/wp-content\/uploads\/de765037-9e83-4c5f-a39e-4ed71efecca1.jpg?w=1200&amp;ssl=1 1200w\" sizes=\"(max-width: 600px) 100vw, 600px\" data-recalc-dims=\"1\" \/><figcaption>Vinils de terra personalitzats<\/figcaption><\/figure>\n\n\n\n<figure class=\"wp-block-image size-large\"><img loading=\"lazy\" decoding=\"async\" width=\"600\" height=\"480\" src=\"https:\/\/i0.wp.com\/blaumat.com\/wp-content\/uploads\/cdbace54-3d0d-44f0-a5dd-6cb6b7cf97d4.jpg?resize=600%2C480&#038;ssl=1\" alt=\"Vinilos de suelo\" class=\"wp-image-2597\" srcset=\"https:\/\/i0.wp.com\/blaumat.com\/wp-content\/uploads\/cdbace54-3d0d-44f0-a5dd-6cb6b7cf97d4.jpg?resize=1024%2C819&amp;ssl=1 1024w, https:\/\/i0.wp.com\/blaumat.com\/wp-content\/uploads\/cdbace54-3d0d-44f0-a5dd-6cb6b7cf97d4.jpg?resize=300%2C240&amp;ssl=1 300w, https:\/\/i0.wp.com\/blaumat.com\/wp-content\/uploads\/cdbace54-3d0d-44f0-a5dd-6cb6b7cf97d4.jpg?resize=768%2C614&amp;ssl=1 768w, https:\/\/i0.wp.com\/blaumat.com\/wp-content\/uploads\/cdbace54-3d0d-44f0-a5dd-6cb6b7cf97d4.jpg?w=1200&amp;ssl=1 1200w\" sizes=\"(max-width: 600px) 100vw, 600px\" data-recalc-dims=\"1\" \/><figcaption>Vinils de terra de diferents colors<\/figcaption><\/figure>\n\n\n\n<figure class=\"wp-block-image size-large\"><img loading=\"lazy\" decoding=\"async\" width=\"600\" height=\"800\" src=\"https:\/\/i0.wp.com\/blaumat.com\/wp-content\/uploads\/img_0666.jpg?resize=600%2C800&#038;ssl=1\" alt=\"Pantalles protectores\" class=\"wp-image-2598\" srcset=\"https:\/\/i0.wp.com\/blaumat.com\/wp-content\/uploads\/img_0666.jpg?resize=768%2C1024&amp;ssl=1 768w, https:\/\/i0.wp.com\/blaumat.com\/wp-content\/uploads\/img_0666.jpg?resize=225%2C300&amp;ssl=1 225w, https:\/\/i0.wp.com\/blaumat.com\/wp-content\/uploads\/img_0666.jpg?w=900&amp;ssl=1 900w\" sizes=\"(max-width: 600px) 100vw, 600px\" data-recalc-dims=\"1\" \/><figcaption>Mamparas personalitzades transparents<\/figcaption><\/figure>\n\n\n\n<figure class=\"wp-block-image size-large\"><img loading=\"lazy\" decoding=\"async\" width=\"600\" height=\"800\" src=\"https:\/\/i0.wp.com\/blaumat.com\/wp-content\/uploads\/img_8675.jpg?resize=600%2C800&#038;ssl=1\" alt=\"Mamparas de protecci\u00f3n \" class=\"wp-image-2599\" srcset=\"https:\/\/i0.wp.com\/blaumat.com\/wp-content\/uploads\/img_8675.jpg?resize=768%2C1024&amp;ssl=1 768w, https:\/\/i0.wp.com\/blaumat.com\/wp-content\/uploads\/img_8675.jpg?resize=225%2C300&amp;ssl=1 225w, https:\/\/i0.wp.com\/blaumat.com\/wp-content\/uploads\/img_8675.jpg?w=900&amp;ssl=1 900w\" sizes=\"(max-width: 600px) 100vw, 600px\" data-recalc-dims=\"1\" \/><figcaption>Mampares de protecci\u00f3 a mida<\/figcaption><\/figure>\n\n\n\n<figure class=\"wp-block-image size-large\"><img loading=\"lazy\" decoding=\"async\" width=\"600\" height=\"450\" src=\"https:\/\/i0.wp.com\/blaumat.com\/wp-content\/uploads\/img_0810.jpg?resize=600%2C450&#038;ssl=1\" alt=\"Mamparas a  medida\" class=\"wp-image-2600\" srcset=\"https:\/\/i0.wp.com\/blaumat.com\/wp-content\/uploads\/img_0810.jpg?resize=1024%2C768&amp;ssl=1 1024w, https:\/\/i0.wp.com\/blaumat.com\/wp-content\/uploads\/img_0810.jpg?resize=300%2C225&amp;ssl=1 300w, https:\/\/i0.wp.com\/blaumat.com\/wp-content\/uploads\/img_0810.jpg?resize=768%2C576&amp;ssl=1 768w, https:\/\/i0.wp.com\/blaumat.com\/wp-content\/uploads\/img_0810.jpg?w=1200&amp;ssl=1 1200w\" sizes=\"(max-width: 600px) 100vw, 600px\" data-recalc-dims=\"1\" \/><figcaption>Mampares de protecci\u00f3 transparent<\/figcaption><\/figure>\n\n\n\n<figure class=\"wp-block-image size-large\"><img loading=\"lazy\" decoding=\"async\" width=\"600\" height=\"450\" src=\"https:\/\/i0.wp.com\/blaumat.com\/wp-content\/uploads\/img_0763.jpg?resize=600%2C450&#038;ssl=1\" alt=\"Mamparas de mostrador\" class=\"wp-image-2601\" srcset=\"https:\/\/i0.wp.com\/blaumat.com\/wp-content\/uploads\/img_0763.jpg?resize=1024%2C768&amp;ssl=1 1024w, https:\/\/i0.wp.com\/blaumat.com\/wp-content\/uploads\/img_0763.jpg?resize=300%2C225&amp;ssl=1 300w, https:\/\/i0.wp.com\/blaumat.com\/wp-content\/uploads\/img_0763.jpg?resize=768%2C576&amp;ssl=1 768w, https:\/\/i0.wp.com\/blaumat.com\/wp-content\/uploads\/img_0763.jpg?w=1200&amp;ssl=1 1200w\" sizes=\"(max-width: 600px) 100vw, 600px\" data-recalc-dims=\"1\" \/><figcaption>Mampares de metacrilat per taulells <\/figcaption><\/figure>\n\n\n\n<figure class=\"wp-block-image size-large\"><img loading=\"lazy\" decoding=\"async\" width=\"600\" height=\"450\" src=\"https:\/\/i0.wp.com\/blaumat.com\/wp-content\/uploads\/img_8617.jpg?resize=600%2C450&#038;ssl=1\" alt=\"Mampara separadora tarragona\" class=\"wp-image-2602\" srcset=\"https:\/\/i0.wp.com\/blaumat.com\/wp-content\/uploads\/img_8617.jpg?resize=1024%2C768&amp;ssl=1 1024w, https:\/\/i0.wp.com\/blaumat.com\/wp-content\/uploads\/img_8617.jpg?resize=300%2C225&amp;ssl=1 300w, https:\/\/i0.wp.com\/blaumat.com\/wp-content\/uploads\/img_8617.jpg?resize=768%2C576&amp;ssl=1 768w, https:\/\/i0.wp.com\/blaumat.com\/wp-content\/uploads\/img_8617.jpg?w=1200&amp;ssl=1 1200w\" sizes=\"(max-width: 600px) 100vw, 600px\" data-recalc-dims=\"1\" \/><figcaption>Mampares per farm\u00e0cies<\/figcaption><\/figure>\n\n\n\n<figure class=\"wp-block-image size-large\"><img loading=\"lazy\" decoding=\"async\" width=\"600\" height=\"450\" src=\"https:\/\/i0.wp.com\/blaumat.com\/wp-content\/uploads\/img_0825.jpg?resize=600%2C450&#038;ssl=1\" alt=\"Mamparas a medida\" class=\"wp-image-2603\" srcset=\"https:\/\/i0.wp.com\/blaumat.com\/wp-content\/uploads\/img_0825.jpg?resize=1024%2C768&amp;ssl=1 1024w, https:\/\/i0.wp.com\/blaumat.com\/wp-content\/uploads\/img_0825.jpg?resize=300%2C225&amp;ssl=1 300w, https:\/\/i0.wp.com\/blaumat.com\/wp-content\/uploads\/img_0825.jpg?resize=768%2C576&amp;ssl=1 768w, https:\/\/i0.wp.com\/blaumat.com\/wp-content\/uploads\/img_0825.jpg?w=1200&amp;ssl=1 1200w\" sizes=\"(max-width: 600px) 100vw, 600px\" data-recalc-dims=\"1\" \/><figcaption>Mampares personalitzades<\/figcaption><\/figure>\n\n\n\n<figure class=\"wp-block-image size-large\"><img loading=\"lazy\" decoding=\"async\" width=\"600\" height=\"800\" src=\"https:\/\/i0.wp.com\/blaumat.com\/wp-content\/uploads\/img_1446.jpg?resize=600%2C800&#038;ssl=1\" alt=\"Mamparas blaumat\" class=\"wp-image-2604\" srcset=\"https:\/\/i0.wp.com\/blaumat.com\/wp-content\/uploads\/img_1446.jpg?resize=768%2C1024&amp;ssl=1 768w, https:\/\/i0.wp.com\/blaumat.com\/wp-content\/uploads\/img_1446.jpg?resize=225%2C300&amp;ssl=1 225w, https:\/\/i0.wp.com\/blaumat.com\/wp-content\/uploads\/img_1446.jpg?w=900&amp;ssl=1 900w\" sizes=\"(max-width: 600px) 100vw, 600px\" data-recalc-dims=\"1\" \/><figcaption>Mampares Blaumat<\/figcaption><\/figure>\n\n\n\n<figure class=\"wp-block-image size-large\"><img loading=\"lazy\" decoding=\"async\" width=\"600\" height=\"450\" src=\"https:\/\/i0.wp.com\/blaumat.com\/wp-content\/uploads\/img_1198.jpg?resize=600%2C450&#038;ssl=1\" alt=\"Mamparas para bares\" class=\"wp-image-2606\" srcset=\"https:\/\/i0.wp.com\/blaumat.com\/wp-content\/uploads\/img_1198.jpg?resize=1024%2C768&amp;ssl=1 1024w, https:\/\/i0.wp.com\/blaumat.com\/wp-content\/uploads\/img_1198.jpg?resize=300%2C225&amp;ssl=1 300w, https:\/\/i0.wp.com\/blaumat.com\/wp-content\/uploads\/img_1198.jpg?resize=768%2C576&amp;ssl=1 768w, https:\/\/i0.wp.com\/blaumat.com\/wp-content\/uploads\/img_1198.jpg?w=1200&amp;ssl=1 1200w\" sizes=\"(max-width: 600px) 100vw, 600px\" data-recalc-dims=\"1\" \/><figcaption>Mamparas para bares<\/figcaption><\/figure>\n\n\n\n<figure class=\"wp-block-image size-large\"><img loading=\"lazy\" decoding=\"async\" width=\"600\" height=\"800\" src=\"https:\/\/i0.wp.com\/blaumat.com\/wp-content\/uploads\/img_1113.jpg?resize=600%2C800&#038;ssl=1\" alt=\"Mampara  para negocios \" class=\"wp-image-2607\" srcset=\"https:\/\/i0.wp.com\/blaumat.com\/wp-content\/uploads\/img_1113.jpg?resize=768%2C1024&amp;ssl=1 768w, https:\/\/i0.wp.com\/blaumat.com\/wp-content\/uploads\/img_1113.jpg?resize=225%2C300&amp;ssl=1 225w, https:\/\/i0.wp.com\/blaumat.com\/wp-content\/uploads\/img_1113.jpg?w=900&amp;ssl=1 900w\" sizes=\"(max-width: 600px) 100vw, 600px\" data-recalc-dims=\"1\" \/><figcaption>Mamparas per negocis<\/figcaption><\/figure>\n","protected":false},"excerpt":{"rendered":"<p>En aquesta p\u00e0gina Trobar\u00e0s tots els productes relacionats amb el Covid-19 de qu\u00e8 disposem. Podr\u00e0s Trobar mampares protectores com tamb\u00e9 dispensadors de gel. Tamb\u00e9 disposem de vinils de terra personalitzats, tots els vinils de terra porten una protecci\u00f3 anti lliscant i resistent als productes de neteja.<\/p>\n","protected":false},"author":1,"featured_media":0,"parent":0,"menu_order":0,"comment_status":"closed","ping_status":"closed","template":"","meta":{"jetpack_post_was_ever_published":false,"footnotes":""},"jetpack_sharing_enabled":true,"jetpack_shortlink":"https:\/\/wp.me\/PacTbF-FC","jetpack-related-posts":[],"_links":{"self":[{"href":"https:\/\/blaumat.com\/index.php?rest_route=\/wp\/v2\/pages\/2580"}],"collection":[{"href":"https:\/\/blaumat.com\/index.php?rest_route=\/wp\/v2\/pages"}],"about":[{"href":"https:\/\/blaumat.com\/index.php?rest_route=\/wp\/v2\/types\/page"}],"author":[{"embeddable":true,"href":"https:\/\/blaumat.com\/index.php?rest_route=\/wp\/v2\/users\/1"}],"replies":[{"embeddable":true,"href":"https:\/\/blaumat.com\/index.php?rest_route=%2Fwp%2Fv2%2Fcomments&post=2580"}],"version-history":[{"count":8,"href":"https:\/\/blaumat.com\/index.php?rest_route=\/wp\/v2\/pages\/2580\/revisions"}],"predecessor-version":[{"id":2636,"href":"https:\/\/blaumat.com\/index.php?rest_route=\/wp\/v2\/pages\/2580\/revisions\/2636"}],"wp:attachment":[{"href":"https:\/\/blaumat.com\/index.php?rest_route=%2Fwp%2Fv2%2Fmedia&parent=2580"}],"curies":[{"name":"wp","href":"https:\/\/api.w.org\/{rel}","templated":true}]}}